{"id":63,"date":"2026-02-01T14:29:54","date_gmt":"2026-02-01T14:29:54","guid":{"rendered":"https:\/\/grena.nu\/index.php\/oer-basics\/"},"modified":"2026-04-08T07:32:41","modified_gmt":"2026-04-08T07:32:41","slug":"oer-basics","status":"publish","type":"page","link":"https:\/\/grena.nu\/en\/oer-basics\/","title":{"rendered":"OER Basics"},"content":{"rendered":"\n<div class=\"wp-block-group has-global-padding is-layout-constrained wp-block-group-is-layout-constrained\">\n<figure class=\"wp-block-image size-full\"><img loading=\"lazy\" decoding=\"async\" width=\"1024\" height=\"493\" src=\"https:\/\/grena.nu\/wp-content\/uploads\/2026\/02\/image.png\" alt=\"\" class=\"wp-image-41\" srcset=\"https:\/\/grena.nu\/wp-content\/uploads\/2026\/02\/image.png 1024w, https:\/\/grena.nu\/wp-content\/uploads\/2026\/02\/image-300x144.png 300w, https:\/\/grena.nu\/wp-content\/uploads\/2026\/02\/image-768x370.png 768w\" sizes=\"auto, (max-width: 1024px) 100vw, 1024px\" \/><\/figure>\n\n\n\n<div class=\"wp-block-group has-global-padding is-layout-constrained wp-container-core-group-is-layout-a0cece94 wp-block-group-is-layout-constrained\">\n<p>Denna sida guidar dig genom de viktigaste aspekterna: vad OER \u00e4r, vilka juridiska principer som g\u00e4ller i tysk upphovsr\u00e4ttslagstiftning och hur Creative Commons\u2011licenser fungerar. En detaljerad \u00f6versikt \u00f6ver alla CC\u2011licenstyper kompletterar inneh\u00e5llet. <\/p>\n\n\n\n<p>Med denna kunskap kan du anv\u00e4nda OER p\u00e5 ett kompetent s\u00e4tt i din undervisning. Om du har fler fr\u00e5gor kan du anv\u00e4nda v\u00e5ra vanliga fr\u00e5gor (FAQ), kontakta supporten eller bes\u00f6ka v\u00e5r veckovisa digitala r\u00e5dgivning \u2013 twillo\u2011torsdagen. <\/p>\n\n\n\n<p><strong>En introduktion till OER<\/strong><\/p>\n\n\n\n<p>Fritt anv\u00e4nda, bearbeta och dela utbildningsmaterial \u2026<\/p>\n\n\n\n<p><strong>Tysk upphovsr\u00e4ttslag<\/strong><\/p>\n\n\n\n<p>Vad du beh\u00f6ver veta n\u00e4r du anv\u00e4nder skyddat inneh\u00e5ll \u2026<\/p>\n\n\n\n<p><strong>\u00d6ppna licenser: Creative Commons<\/strong><\/p>\n\n\n\n<p>Creative Commons reglerar spridning \u00f6ppet och juridiskt s\u00e4kert \u2026<\/p>\n\n\n\n<p><strong>CC\u2011licenser i \u00f6verblick<\/strong><\/p>\n\n\n\n<p>Hur licenserna skiljer sig \u2013 kompakt i en tabell \u2026<\/p>\n\n\n\n<p><strong>En introduktion till OER<\/strong><\/p>\n\n\n\n<p>Open Educational Resources (OER) \u00e4r utbildningsmaterial av alla slag och i alla format som \u00e4r fritt tillg\u00e4ngliga och f\u00e5r anv\u00e4ndas, delas och i regel \u00e4ven bearbetas utan kostnad. Den centrala egenskapen \u00e4r \u00f6ppen licensiering, som g\u00f6r det m\u00f6jligt f\u00f6r tredje part att anv\u00e4nda materialet. Valet av licens \u2013 och d\u00e4rmed beslutet om vilken anv\u00e4ndning som \u00e4r till\u00e5ten \u2013 ligger helt hos upphovspersonen (se Tyska UNESCO\u2011kommissionen).  <\/p>\n\n\n\n<p>\u00d6ppna licenser verkar inom ramen f\u00f6r tysk upphovsr\u00e4tt. Innan du kan b\u00f6rja anv\u00e4nda och skapa OER beh\u00f6ver du grundl\u00e4ggande kunskap om detta. <\/p>\n\n\n\n<p><strong>Tysk upphovsr\u00e4ttslag<\/strong><\/p>\n\n\n\n<p>Upphovsr\u00e4tten omfattar alla r\u00e4ttsliga regler som r\u00f6r skydd och exploatering av immateriell egendom. N\u00e4r du skapar ett verk som uppfyller kraven i upphovsr\u00e4ttslagen skyddas det automatiskt. <\/p>\n\n\n\n<p>Som upphovsperson \u00e4ger du i regel r\u00e4ttigheterna till det inneh\u00e5ll du skapat (undantag: \u00f6verl\u00e5telse av r\u00e4ttigheter till tredje part, t.ex. f\u00f6rlag eller universitet). Endast du f\u00e5r d\u00e4rf\u00f6r besluta hur ditt verk anv\u00e4nds, sprids och kommersiellt utnyttjas (se VFR 2022). <\/p>\n\n\n\n<p>Om du vill anv\u00e4nda upphovsr\u00e4ttsskyddat inneh\u00e5ll m\u00e5ste du inh\u00e4mta upphovspersonens tillst\u00e5nd och vid behov betala f\u00f6r anv\u00e4ndningen. Undantag \u00e4r s\u00e5 kallade \u201dinskr\u00e4nkningar\u201d i upphovsr\u00e4tten (t.ex. citatr\u00e4tt, undervisning och utbildning). <\/p>\n\n\n\n<p><strong>Viktigt att veta<\/strong><\/p>\n\n\n\n<p>I princip \u00e4r all anv\u00e4ndning av verk utan upphovspersonens tillst\u00e5nd f\u00f6rbjuden.<\/p>\n\n\n\n<p><strong>Krav enligt upphovsr\u00e4ttslagen<\/strong><\/p>\n\n\n\n<p>Upphovsr\u00e4tten skyddar endast personliga intellektuella skapelser (2 \u00a7 (2) UrhG). Ett verk omfattas av skyddet om det utg\u00f6r en specifik intellektuell prestation (t.ex. en text, ett musikstycke) och har en viss grad av kreativitet. <\/p>\n\n\n\n<p>Ett verk anses kreativt om det skiljer sig fr\u00e5n det vardagliga och redan k\u00e4nda. Tr\u00f6skeln \u00e4r mycket l\u00e5g: \u00e4ven den s\u00e5 kallade \u201dlilla myntet\u201d (t.ex. en enkel melodi eller teckning) kan skyddas. <\/p>\n\n\n\n<p><strong>Inskr\u00e4nkningar i upphovsr\u00e4tten<\/strong><\/p>\n\n\n\n<p>Verk i det offentliga omr\u00e5det och officiella verk \u00e4r undantagna fr\u00e5n upphovsr\u00e4tt till f\u00f6rm\u00e5n f\u00f6r allm\u00e4nheten. Dessa f\u00e5r anv\u00e4ndas utan begr\u00e4nsningar. Ett verk \u00e4r i det offentliga omr\u00e5det om upphovspersonen varit d\u00f6d i minst 70 \u00e5r. Verk som inte uppn\u00e5r verksh\u00f6jd tillh\u00f6r ocks\u00e5 det offentliga omr\u00e5det. Officiella verk inkluderar lagtexter, f\u00f6rordningar och domar.    <\/p>\n\n\n\n<p>Dessutom till\u00e5ter s\u00e5 kallade \u201dlagstadgade licenser\u201d anv\u00e4ndning av tredjepartsverk utan tillst\u00e5nd. S\u00e4rskilt relevanta i universitetsmilj\u00f6 \u00e4r citatr\u00e4tten enligt \u00a7 51 UrhG och den relativt nya \u00a7 60a UrhG f\u00f6r vetenskap och undervisning. <\/p>\n\n\n\n<ul class=\"wp-block-list\">\n<li><strong>\u00a7 51 UrhG<\/strong> till\u00e5ter citat av skyddade verk om citatets syfte uppfylls. Det inneb\u00e4r att det citerade inneh\u00e5llet ska st\u00f6dja upphovspersonens egna resonemang. Dessutom kr\u00e4vs en saklig diskussion av det citerade inneh\u00e5llet och en k\u00e4llh\u00e4nvisning.  <\/li>\n\n\n\n<li><strong>\u00a7 60a UrhG<\/strong> till\u00e5ter begr\u00e4nsad anv\u00e4ndning (upp till 15 procent) av skyddade verk i icke\u2011offentliga undervisningssammanhang (t.ex. i en sluten universitetskurs).<\/li>\n<\/ul>\n\n\n\n<p><strong>Tips:<\/strong> I handboken <em>Urheberrechts\u2011FAQ Hochschullehre<\/em> (F\u00f6rster 2018) hittar du all viktig information om citatr\u00e4tt och \u00a7 60a UrhG i universitetskontext.<\/p>\n\n\n\n<p><strong>\u00d6ppna licenser: Creative Commons<\/strong><\/p>\n\n\n\n<p>\u00d6ppna licenser verkar inom ramen f\u00f6r g\u00e4llande upphovsr\u00e4tt. N\u00e4r upphovspersoner m\u00e4rker sina verk med en \u00f6ppen licens ger de tredje part vissa anv\u00e4ndningsr\u00e4ttigheter. <\/p>\n\n\n\n<p>Inom utbildning har Creative Commons\u2011licenser etablerats. Dessa \u00e4r standardiserade licensavtal som granskats av tyska jurister och anses juridiskt s\u00e4kra. <\/p>\n\n\n\n<p>Creative Commons\u2011licenser \u00e4r kostnadsfria, relativt enkla att anv\u00e4nda och flexibla. Genom att v\u00e4lja en CC\u2011licens kan upphovspersoner noggrant best\u00e4mma vilka r\u00e4ttigheter de vill ge andra och under vilka villkor eller begr\u00e4nsningar deras verk f\u00e5r anv\u00e4ndas. <\/p>\n\n\n\n<p><strong>CC\u2011licenser i \u00f6verblick<\/strong><\/p>\n<\/div>\n\n\n\n<figure class=\"wp-block-table\"><table class=\"has-fixed-layout\"><thead><tr><th>License<\/th><th>Materials May&#8230;<\/th><th>Condition<\/th><th>License Text<\/th><\/tr><\/thead><tbody><tr><td><a href=\"https:\/\/www.twillo.de\/en\/helpcenter\/where-can-i-find-the-creative-commons-license-icons\/\"><\/a><\/td><td>&#8230;be used freely without conditions or attribution<\/td><td>0 &#8211; Zero: No conditions<\/td><td><a href=\"https:\/\/creativecommons.org\/publicdomain\/zero\/1.0\/legalcode\" target=\"_blank\" rel=\"noreferrer noopener\">CC0 1.0<\/a><\/td><\/tr><tr><td><a href=\"https:\/\/www.twillo.de\/en\/helpcenter\/where-can-i-find-the-creative-commons-license-icons\/\"><\/a><\/td><td>&#8230;be shared, adapted, and used commercially with attribution<\/td><td>BY &#8211; Attribution: Credit must be given to the creator(s)<\/td><td><a href=\"https:\/\/creativecommons.org\/licenses\/by\/4.0\/legalcode.en\" target=\"_blank\" rel=\"noreferrer noopener\">CC BY 4.0<\/a><\/td><\/tr><tr><td><a href=\"https:\/\/www.twillo.de\/en\/helpcenter\/where-can-i-find-the-creative-commons-license-icons\/\"><\/a><\/td><td>&#8230;be shared, adapted, and used commercially with attribution and under the same license<\/td><td>BY-SA &#8211; Attribution + ShareAlike: Credit must be given to the creator(s) + redistribution under the same terms<\/td><td><a href=\"https:\/\/creativecommons.org\/licenses\/by-sa\/4.0\/legalcode.en\" target=\"_blank\" rel=\"noreferrer noopener\">CC BY-SA 4.0<\/a><\/td><\/tr><tr><td><a href=\"https:\/\/www.twillo.de\/en\/helpcenter\/where-can-i-find-the-creative-commons-license-icons\/\"><\/a><\/td><td>&#8230;be shared and adapted for non-commercial purposes with attribution<\/td><td>BY-NC &#8211; Attribution + NonCommercial: Credit must be given to the creator(s) + <strong>no<\/strong> commercial use allowed<\/td><td><a href=\"https:\/\/creativecommons.org\/licenses\/by-nc\/4.0\/legalcode.en\" target=\"_blank\" rel=\"noreferrer noopener\">CC BY-NC 4.0<\/a><\/td><\/tr><tr><td><a href=\"https:\/\/www.twillo.de\/en\/helpcenter\/where-can-i-find-the-creative-commons-license-icons\/\"><\/a><\/td><td>&#8230;be shared and adapted for non-commercial purposes with attribution and under the same license<\/td><td>BY-NC-SA &#8211; Attribution + NonCommercial + ShareAlike: Credit must be given to the creator(s) + <strong>no<\/strong> commercial use allowed + redistribution under the same terms<\/td><td><a href=\"https:\/\/creativecommons.org\/licenses\/by-nc-sa\/4.0\/legalcode.en\" target=\"_blank\" rel=\"noreferrer noopener\">CC BY-NC-SA 4.0<\/a><\/td><\/tr><tr><td><a href=\"https:\/\/www.twillo.de\/en\/helpcenter\/where-can-i-find-the-creative-commons-license-icons\/\"><\/a><\/td><td>&#8230;be shared unchanged with attribution<\/td><td>BY-ND &#8211; Attribution + NoDerivatives: Credit must be given to the creator(s) + <strong>no<\/strong> modifications allowed<\/td><td><a href=\"https:\/\/creativecommons.org\/licenses\/by-nd\/4.0\/legalcode.en\" target=\"_blank\" rel=\"noreferrer noopener\">CC BY-ND 4.0<\/a><\/td><\/tr><tr><td><a href=\"https:\/\/www.twillo.de\/en\/helpcenter\/where-can-i-find-the-creative-commons-license-icons\/\"><\/a><\/td><td>&#8230;be shared unchanged for non-commercial purposes with attribution<\/td><td>BY-NC-ND &#8211; Attribution + NonCommercial + NoDerivatives: Credit must be given to the creator(s) + <strong>no<\/strong> commercial use allowed + <strong>no<\/strong> modifications allowed<\/td><td><a href=\"https:\/\/creativecommons.org\/licenses\/by-nc-nd\/4.0\/legalcode.en\" target=\"_blank\" rel=\"noreferrer noopener\">CC BY-NC-ND 4.0<\/a><\/td><\/tr><\/tbody><\/table><\/figure>\n\n\n\n<p>Tabell \u00f6ver CC\u2011licensalternativ av Ruhr\u2011Uni\u2011Bochum, eScouts OER, Christine Rutenfranz, redigerad av twillo (f\u00e4rgjustering och inneh\u00e5llstill\u00e4gg), licensierad under CC BY\u2011SA 4.0.<\/p>\n\n\n\n<p><strong>Live. Online. Ingen registrering kr\u00e4vs  <\/strong><\/p>\n<\/div>\n","protected":false},"excerpt":{"rendered":"<p>Sidan OER Grunder ger dig en v\u00e4lgrundad \u00f6versikt \u00f6ver \u00f6ppna utbildningsresurser.<\/p>\n","protected":false},"author":2,"featured_media":0,"parent":0,"menu_order":0,"comment_status":"closed","ping_status":"closed","template":"","meta":{"footnotes":""},"class_list":["post-63","page","type-page","status-publish","hentry"],"_links":{"self":[{"href":"https:\/\/grena.nu\/en\/wp-json\/wp\/v2\/pages\/63","targetHints":{"allow":["GET"]}}],"collection":[{"href":"https:\/\/grena.nu\/en\/wp-json\/wp\/v2\/pages"}],"about":[{"href":"https:\/\/grena.nu\/en\/wp-json\/wp\/v2\/types\/page"}],"author":[{"embeddable":true,"href":"https:\/\/grena.nu\/en\/wp-json\/wp\/v2\/users\/2"}],"replies":[{"embeddable":true,"href":"https:\/\/grena.nu\/en\/wp-json\/wp\/v2\/comments?post=63"}],"version-history":[{"count":4,"href":"https:\/\/grena.nu\/en\/wp-json\/wp\/v2\/pages\/63\/revisions"}],"predecessor-version":[{"id":302,"href":"https:\/\/grena.nu\/en\/wp-json\/wp\/v2\/pages\/63\/revisions\/302"}],"wp:attachment":[{"href":"https:\/\/grena.nu\/en\/wp-json\/wp\/v2\/media?parent=63"}],"curies":[{"name":"wp","href":"https:\/\/api.w.org\/{rel}","templated":true}]}}