{"id":52,"date":"2026-02-01T14:20:55","date_gmt":"2026-02-01T14:20:55","guid":{"rendered":"https:\/\/grena.nu\/index.php\/prepare\/"},"modified":"2026-04-08T07:27:36","modified_gmt":"2026-04-08T07:27:36","slug":"prepare","status":"publish","type":"page","link":"https:\/\/grena.nu\/en\/prepare\/","title":{"rendered":"Prepare"},"content":{"rendered":"\n<div class=\"wp-block-group has-deep-teal-background-color has-background has-global-padding is-layout-constrained wp-block-group-is-layout-constrained\" style=\"padding-top:var(--wp--preset--spacing--80);padding-bottom:var(--wp--preset--spacing--80)\">\n<div class=\"wp-block-grena-step-links grena-step-links\">\n<div class=\"wp-block-grena-step-link-item grena-step-link\"><a class=\"grena-step-link__inner\" href=\"#prepare1\"><span class=\"grena-step-link__number\">1<\/span><p class=\"grena-step-link__title\">Copyright, Citations, CC License<\/p><\/a><\/div>\n\n\n\n<div class=\"wp-block-grena-step-link-item grena-step-link\"><a class=\"grena-step-link__inner\" href=\"#prepare2\"><span class=\"grena-step-link__number\">2<\/span><p class=\"grena-step-link__title\">Select the Appropriate License<\/p><\/a><\/div>\n\n\n\n<div class=\"wp-block-grena-step-link-item grena-step-link\"><a class=\"grena-step-link__inner\" href=\"#prepare3\"><span class=\"grena-step-link__number\">3<\/span><p class=\"grena-step-link__title\">License Information for Your Work<\/p><\/a><\/div>\n<\/div>\n<\/div>\n\n<div class=\"wp-block-group has-global-padding is-layout-constrained wp-block-group-is-layout-constrained\">\n<div class=\"wp-block-grena-steps grena-steps\">\n<div class=\"wp-block-grena-step-item grena-step\" id=\"prepare1\"><div class=\"grena-step__marker\" aria-hidden=\"true\"><\/div><div class=\"grena-step__content\"><h3 class=\"grena-step__title\"><strong>Steg 1<\/strong><\/h3>\n<p><strong>Anv\u00e4nder du inneh\u00e5ll fr\u00e5n andra upphovspersoner i ditt material?<\/strong><br\/>If you use content such as images, texts, or diagrams from other creators, you must verify if their use is legally permitted and if certain conditions must be met. Such content must also be clearly marked as third-party work. If you have only created your own content, you can <a href=\"#prepare2\" data-type=\"internal\" data-id=\"#prepare2\">proceed directly to the next step<\/a>.  <\/p>\n\n\n\n<div data-wp-context=\"{ &quot;autoclose&quot;: false, &quot;accordionItems&quot;: [] }\" data-wp-interactive=\"core\/accordion\" role=\"group\" class=\"wp-block-accordion is-layout-flow wp-block-accordion-is-layout-flow\">\n<div data-wp-class--is-open=\"state.isOpen\" data-wp-context=\"{ &quot;id&quot;: &quot;accordion-item-1&quot;, &quot;openByDefault&quot;: false }\" data-wp-init=\"callbacks.initAccordionItems\" data-wp-on-window--hashchange=\"callbacks.hashChange\" class=\"wp-block-accordion-item is-layout-flow wp-block-accordion-item-is-layout-flow\">\n<h3 class=\"wp-block-accordion-heading has-base-color has-deep-teal-background-color has-text-color has-background has-link-color wp-elements-3bf89f45e4bad7c0b8445f83f4ad71b6\" style=\"border-top-left-radius:8px;border-top-right-radius:8px;border-bottom-left-radius:8px;border-bottom-right-radius:8px\"><button aria-expanded=\"false\" aria-controls=\"accordion-item-1-panel\" data-wp-bind--aria-expanded=\"state.isOpen\" data-wp-on--click=\"actions.toggle\" data-wp-on--keydown=\"actions.handleKeyDown\" id=\"accordion-item-1\" type=\"button\" class=\"wp-block-accordion-heading__toggle\" style=\"padding-top:var(--wp--preset--spacing--40);padding-right:var(--wp--preset--spacing--40);padding-bottom:var(--wp--preset--spacing--40);padding-left:var(--wp--preset--spacing--40)\"><span class=\"wp-block-accordion-heading__toggle-title\"><strong>Does the content you wish to use fall under copyright protection?<\/strong><\/span><span class=\"wp-block-accordion-heading__toggle-icon\" aria-hidden=\"true\">+<\/span><\/button><\/h3>\n\n\n\n<div inert aria-labelledby=\"accordion-item-1\" data-wp-bind--inert=\"!state.isOpen\" id=\"accordion-item-1-panel\" role=\"region\" class=\"wp-block-accordion-panel is-layout-flow wp-block-accordion-panel-is-layout-flow\">\n<p>F\u00f6ljande \u00e4r bland annat <strong>inte<\/strong> skyddat av upphovsr\u00e4tt:<\/p>\n\n\n\n<ul class=\"wp-block-list\">\n<li>Texter, bilder, musik osv. vars upphovsperson har varit d\u00f6d i 70 \u00e5r <\/li>\n\n\n\n<li>Officiella dokument (t.ex. lagar, f\u00f6rordningar, domar)<\/li>\n\n\n\n<li>Content Without Work of Authorship*<\/li>\n\n\n\n<li>Vetenskapliga\/historiska data, fakta och r\u00f6n<\/li>\n\n\n\n<li>Stilar och metoder<\/li>\n<\/ul>\n\n\n\n<p>Dessa verk f\u00e5r anv\u00e4ndas fritt. Det \u00e4r inte n\u00f6dv\u00e4ndigt att ange k\u00e4lla, men det b\u00f6r g\u00f6ras i enlighet med god vetenskaplig praxis. <\/p>\n\n\n\n<h3 class=\"wp-block-heading has-s-font-size\">*What is work of authorship?<\/h3>\n\n\n\n<p>A work must be independent, personally designed, and original to be protected by copyright. <a href=\"https:\/\/www.prv.se\/sv\/kunskap-och-stod\/vanliga-ord-och-begrepp\/verkshojd\/\">Learn more about the topic at the Swedish Patent and Registration Office<\/a>.<\/p>\n\n\n\n<p><\/p>\n<\/div>\n<\/div>\n<\/div>\n\n\n\n<div data-wp-context=\"{ &quot;autoclose&quot;: false, &quot;accordionItems&quot;: [] }\" data-wp-interactive=\"core\/accordion\" role=\"group\" class=\"wp-block-accordion is-layout-flow wp-block-accordion-is-layout-flow\">\n<div data-wp-class--is-open=\"state.isOpen\" data-wp-context=\"{ &quot;id&quot;: &quot;accordion-item-2&quot;, &quot;openByDefault&quot;: false }\" data-wp-init=\"callbacks.initAccordionItems\" data-wp-on-window--hashchange=\"callbacks.hashChange\" class=\"wp-block-accordion-item is-layout-flow wp-block-accordion-item-is-layout-flow\">\n<h3 class=\"wp-block-accordion-heading has-base-color has-deep-teal-background-color has-text-color has-background has-link-color wp-elements-3588062e98e3b64c244d051912881fc0\" style=\"border-top-left-radius:8px;border-top-right-radius:8px;border-bottom-left-radius:8px;border-bottom-right-radius:8px\"><button aria-expanded=\"false\" aria-controls=\"accordion-item-2-panel\" data-wp-bind--aria-expanded=\"state.isOpen\" data-wp-on--click=\"actions.toggle\" data-wp-on--keydown=\"actions.handleKeyDown\" id=\"accordion-item-2\" type=\"button\" class=\"wp-block-accordion-heading__toggle\" style=\"padding-top:var(--wp--preset--spacing--40);padding-right:var(--wp--preset--spacing--40);padding-bottom:var(--wp--preset--spacing--40);padding-left:var(--wp--preset--spacing--40)\"><span class=\"wp-block-accordion-heading__toggle-title\"><strong>Can you cite the content?<\/strong><\/span><span class=\"wp-block-accordion-heading__toggle-icon\" aria-hidden=\"true\">+<\/span><\/button><\/h3>\n\n\n\n<div inert aria-labelledby=\"accordion-item-2\" data-wp-bind--inert=\"!state.isOpen\" id=\"accordion-item-2-panel\" role=\"region\" class=\"wp-block-accordion-panel is-layout-flow wp-block-accordion-panel-is-layout-flow\">\n<p>Du f\u00e5r citera vilket annat publicerat verk som helst i dina egna verk (inklusive i OER).<\/p>\n\n\n\n<p>Den juridiska grunden f\u00f6r citatr\u00e4tten finns i \u00a751 UrhG.<\/p>\n\n\n\n<p>Ett citat \u00e4r dock endast till\u00e5tet om du:<\/p>\n\n\n\n<ul class=\"wp-block-list\">\n<li>behandlar det citerade materialet (citatets syfte),<\/li>\n\n\n\n<li>endast citerar s\u00e5 mycket som beh\u00f6vs, s\u00e5 lite som m\u00f6jligt (citatets omfattning),<\/li>\n\n\n\n<li>inte \u00e4ndrar verket (f\u00f6rbud mot \u00e4ndring), och<\/li>\n\n\n\n<li>anger k\u00e4llan (k\u00e4llh\u00e4nvisning).<\/li>\n<\/ul>\n\n\n\n<p>Om tredjepartsverket ers\u00e4tter ditt eget arbete eller endast fyller en dekorativ funktion \u00e4r det inte ett till\u00e5tet citat.<\/p>\n<\/div>\n<\/div>\n<\/div>\n\n\n\n<div data-wp-context=\"{ &quot;autoclose&quot;: false, &quot;accordionItems&quot;: [] }\" data-wp-interactive=\"core\/accordion\" role=\"group\" class=\"wp-block-accordion is-layout-flow wp-block-accordion-is-layout-flow\">\n<div data-wp-class--is-open=\"state.isOpen\" data-wp-context=\"{ &quot;id&quot;: &quot;accordion-item-3&quot;, &quot;openByDefault&quot;: false }\" data-wp-init=\"callbacks.initAccordionItems\" data-wp-on-window--hashchange=\"callbacks.hashChange\" class=\"wp-block-accordion-item is-layout-flow wp-block-accordion-item-is-layout-flow\">\n<h3 class=\"wp-block-accordion-heading has-base-color has-deep-teal-background-color has-text-color has-background has-link-color wp-elements-f10b93e9d52f260d3eaae0bcc359d96e\" style=\"border-top-left-radius:8px;border-top-right-radius:8px;border-bottom-left-radius:8px;border-bottom-right-radius:8px\"><button aria-expanded=\"false\" aria-controls=\"accordion-item-3-panel\" data-wp-bind--aria-expanded=\"state.isOpen\" data-wp-on--click=\"actions.toggle\" data-wp-on--keydown=\"actions.handleKeyDown\" id=\"accordion-item-3\" type=\"button\" class=\"wp-block-accordion-heading__toggle\" style=\"padding-top:var(--wp--preset--spacing--40);padding-right:var(--wp--preset--spacing--40);padding-bottom:var(--wp--preset--spacing--40);padding-left:var(--wp--preset--spacing--40)\"><span class=\"wp-block-accordion-heading__toggle-title\"><strong>Is the content licensed under Creative Commons (CC)?<\/strong><\/span><span class=\"wp-block-accordion-heading__toggle-icon\" aria-hidden=\"true\">+<\/span><\/button><\/h3>\n\n\n\n<div inert aria-labelledby=\"accordion-item-3\" data-wp-bind--inert=\"!state.isOpen\" id=\"accordion-item-3-panel\" role=\"region\" class=\"wp-block-accordion-panel is-layout-flow wp-block-accordion-panel-is-layout-flow\">\n<p>Om inneh\u00e5llet \u00e4r CC\u2011licensierat f\u00e5r du anv\u00e4nda det i enlighet med de specifika licensvillkoren.<\/p>\n\n\n\n<p>Creative Commons\u2011licenser \u00e4r standardiserade licensavtal som ger olika anv\u00e4ndningsr\u00e4ttigheter. Du hittar en \u00f6versikt \u00f6ver Creative Commons\u2011licenser i OER\u2011grunderna. <\/p>\n\n\n\n<p>\u00d6ppet licensierade verk m\u00e5ste ocks\u00e5 identifieras som tredjepartsinneh\u00e5ll. Anv\u00e4nd TULLU+B\u2011regeln som v\u00e4gledning: <\/p>\n\n\n\n<div class=\"wp-block-columns is-layout-flex wp-container-core-columns-is-layout-28f84493 wp-block-columns-is-layout-flex\">\n<div class=\"wp-block-column is-layout-flow wp-block-column-is-layout-flow\" style=\"flex-basis:33.33%\">\n<figure class=\"wp-block-image\"><img decoding=\"async\" src=\"https:\/\/www.twillo.de\/wp-content\/uploads\/2025\/06\/T-Grafik.svg\" alt=\"\"\/><\/figure>\n<\/div>\n\n\n\n<div class=\"wp-block-column is-layout-flow wp-block-column-is-layout-flow\" style=\"flex-basis:66.66%\">\n<p>Titel av ditt arbete<\/p>\n\n\n\n<p>om det \u00e4r k\u00e4nt f\u00f6r dig<\/p>\n<\/div>\n<\/div>\n\n\n\n<div class=\"wp-block-columns is-layout-flex wp-container-core-columns-is-layout-28f84493 wp-block-columns-is-layout-flex\">\n<div class=\"wp-block-column is-layout-flow wp-block-column-is-layout-flow\" style=\"flex-basis:33.33%\">\n<figure class=\"wp-block-image\"><img decoding=\"async\" src=\"https:\/\/www.twillo.de\/wp-content\/uploads\/2025\/06\/U-Grafik.svg\" alt=\"\"\/><\/figure>\n<\/div>\n\n\n\n<div class=\"wp-block-column is-layout-flow wp-block-column-is-layout-flow\" style=\"flex-basis:66.66%\">\n<p>F\u00f6rfattar av arbetet<\/p>\n\n\n\n<p>p\u00e5 det s\u00e4tt de vill bli namngivna<\/p>\n<\/div>\n<\/div>\n\n\n\n<div class=\"wp-block-columns is-layout-flex wp-container-core-columns-is-layout-28f84493 wp-block-columns-is-layout-flex\">\n<div class=\"wp-block-column is-layout-flow wp-block-column-is-layout-flow\" style=\"flex-basis:33.33%\">\n<figure class=\"wp-block-image\"><img decoding=\"async\" src=\"https:\/\/www.twillo.de\/wp-content\/uploads\/2025\/06\/L-Grafik.svg\" alt=\"\"\/><\/figure>\n<\/div>\n\n\n\n<div class=\"wp-block-column is-layout-flow wp-block-column-is-layout-flow\" style=\"flex-basis:66.66%\">\n<p>Licens av arbetet<\/p>\n\n\n\n<p>inklusive licensversion* och, om till\u00e4mpligt, landsspecifik portering (t.ex. CC BY 3.0 DE)<\/p>\n<\/div>\n<\/div>\n\n\n\n<div class=\"wp-block-columns is-layout-flex wp-container-core-columns-is-layout-28f84493 wp-block-columns-is-layout-flex\">\n<div class=\"wp-block-column is-layout-flow wp-block-column-is-layout-flow\" style=\"flex-basis:33.33%\">\n<figure class=\"wp-block-image\"><img decoding=\"async\" src=\"https:\/\/www.twillo.de\/wp-content\/uploads\/2025\/06\/L-Grafik.svg\" alt=\"\"\/><\/figure>\n<\/div>\n\n\n\n<div class=\"wp-block-column is-layout-flow wp-block-column-is-layout-flow\" style=\"flex-basis:66.66%\">\n<p>L\u00e4nk till licens texten<\/p>\n\n\n\n<p>p\u00e5 Creative Commons hemsidan som en hyperlink eller utskriven URL (t. ex. CC BY 4.0)<\/p>\n<\/div>\n<\/div>\n\n\n\n<div class=\"wp-block-columns is-layout-flex wp-container-core-columns-is-layout-28f84493 wp-block-columns-is-layout-flex\">\n<div class=\"wp-block-column is-layout-flow wp-block-column-is-layout-flow\" style=\"flex-basis:33.33%\">\n<figure class=\"wp-block-image\"><img decoding=\"async\" src=\"https:\/\/www.twillo.de\/wp-content\/uploads\/2025\/06\/U-Grafik.svg\" alt=\"\"\/><\/figure>\n<\/div>\n\n\n\n<div class=\"wp-block-column is-layout-flow wp-block-column-is-layout-flow\" style=\"flex-basis:66.66%\">\n<p>Ursprungsplatsen f\u00f6r arbetet <\/p>\n\n\n\n<p>om det \u00e4r k\u00e4nt som hyperlink eller utskriven URL<\/p>\n<\/div>\n<\/div>\n\n\n\n<div class=\"wp-block-columns is-layout-flex wp-container-core-columns-is-layout-28f84493 wp-block-columns-is-layout-flex\">\n<div class=\"wp-block-column is-layout-flow wp-block-column-is-layout-flow\" style=\"flex-basis:33.33%\">\n<figure class=\"wp-block-image\"><img decoding=\"async\" src=\"https:\/\/www.twillo.de\/wp-content\/uploads\/2025\/06\/B-Grafik.svg\" alt=\"\"\/><\/figure>\n<\/div>\n\n\n\n<div class=\"wp-block-column is-layout-flow wp-block-column-is-layout-flow\" style=\"flex-basis:66.66%\">\n<p><strong>Redigering<\/strong><br\/>om du har \u00e4ndrat verket.<\/p>\n\n\n\n<p>Illustration TULLU+B av twillo, licensierad under CC BY 4.0, baserad p\u00e5 <em>OER made easy with the TULLU rule<\/em> av J\u00f6ran Muu\u00df-Merholz och Sonja Borski f\u00f6r OERinfo \u2013 Informationsstelle OER, licensierad under CC BY 4.0.<br\/><em>CC\u2011licenser genomg\u00e5r st\u00e4ndigt revideringsprocesser. Med tiden leder detta till nya licensversioner (2.0, 3.0 och 4.0) med olika villkor. Mer information finns h\u00e4r.<\/em><\/p>\n<\/div>\n<\/div>\n<\/div>\n<\/div>\n<\/div>\n\n\n\n<div data-wp-context=\"{ &quot;autoclose&quot;: false, &quot;accordionItems&quot;: [] }\" data-wp-interactive=\"core\/accordion\" role=\"group\" class=\"wp-block-accordion is-layout-flow wp-block-accordion-is-layout-flow\">\n<div data-wp-class--is-open=\"state.isOpen\" data-wp-context=\"{ &quot;id&quot;: &quot;accordion-item-4&quot;, &quot;openByDefault&quot;: false }\" data-wp-init=\"callbacks.initAccordionItems\" data-wp-on-window--hashchange=\"callbacks.hashChange\" class=\"wp-block-accordion-item is-layout-flow wp-block-accordion-item-is-layout-flow\">\n<h3 class=\"wp-block-accordion-heading has-base-color has-deep-teal-background-color has-text-color has-background has-link-color wp-elements-252c352ad6018d8c2ce1494f2826a41c\" style=\"border-top-left-radius:8px;border-top-right-radius:8px;border-bottom-left-radius:8px;border-bottom-right-radius:8px\"><button aria-expanded=\"false\" aria-controls=\"accordion-item-4-panel\" data-wp-bind--aria-expanded=\"state.isOpen\" data-wp-on--click=\"actions.toggle\" data-wp-on--keydown=\"actions.handleKeyDown\" id=\"accordion-item-4\" type=\"button\" class=\"wp-block-accordion-heading__toggle\" style=\"padding-top:var(--wp--preset--spacing--40);padding-right:var(--wp--preset--spacing--40);padding-bottom:var(--wp--preset--spacing--40);padding-left:var(--wp--preset--spacing--40)\"><span class=\"wp-block-accordion-heading__toggle-title\"><strong>Can you not cite the work, and is it not openly licensed?<\/strong><\/span><span class=\"wp-block-accordion-heading__toggle-icon\" aria-hidden=\"true\">+<\/span><\/button><\/h3>\n\n\n\n<div inert aria-labelledby=\"accordion-item-4\" data-wp-bind--inert=\"!state.isOpen\" id=\"accordion-item-4-panel\" role=\"region\" class=\"wp-block-accordion-panel is-layout-flow wp-block-accordion-panel-is-layout-flow\">\n<p>D\u00e5 m\u00e5ste du fr\u00e5ga upphovspersonen om du f\u00e5r anv\u00e4nda det. F\u00f6r detta beh\u00f6ver du enkla nyttjander\u00e4tter.<\/p>\n\n\n\n<p>Det \u00e4r viktigt att du skriftligen fastst\u00e4ller dina \u00f6verenskommelser med upphovspersonerna och anger:<\/p>\n\n\n\n<ul class=\"wp-block-list\">\n<li>var, hur och f\u00f6r vilket syfte du vill anv\u00e4nda verket,<\/li>\n\n\n\n<li>under vilken licens ditt kompletta verk ska distribueras, och<\/li>\n\n\n\n<li>vilka redigeringsr\u00e4ttigheter du beh\u00f6ver.<\/li>\n<\/ul>\n\n\n\n<p>Du hittar v\u00e5r mall f\u00f6r att inh\u00e4mta nyttjander\u00e4tter h\u00e4r.<\/p>\n\n\n\n<p>Allt klart? D\u00e5 kan du g\u00e5 vidare till n\u00e4sta steg.<\/p>\n<\/div>\n<\/div>\n<\/div>\n\n\n\n<p><\/p>\n<\/div><\/div>\n\n\n\n<div class=\"wp-block-grena-step-item grena-step\" id=\"prepare2\"><div class=\"grena-step__marker\" aria-hidden=\"true\"><\/div><div class=\"grena-step__content\"><h3 class=\"grena-step__title\">Steg 2<\/h3>\n<p><strong>V\u00e4lj en l\u00e4mplig licens f\u00f6r ditt verk<\/strong><\/p>\n\n\n\n<p>Fundera nu \u00f6ver vilken anv\u00e4ndning av ditt verk du vill till\u00e5ta f\u00f6r andra och v\u00e4lj en l\u00e4mplig \u2013 helst \u00f6ppen \u2013 Creative Commons\u2011licens (CC0, CC BY eller CC BY\u2011SA).<\/p>\n\n\n\n<p>Du hittar en \u00f6versikt \u00f6ver Creative Commons\u2011licenser i v\u00e5r CC\u2011lista.<\/p>\n\n\n\n<p><strong>Important Considerations:<\/strong><\/p>\n\n\n\n<ul class=\"wp-block-list\">\n<li>Om ditt verk har flera upphovspersoner m\u00e5ste ni gemensamt besluta om licensen.<\/li>\n\n\n\n<li>Om du har blandat \u00f6ppet licensierade verk av andra upphovspersoner med varandra eller med ditt eget inneh\u00e5ll kallas detta en <em>remix<\/em>. I s\u00e5 fall f\u00e5r licensen f\u00f6r ditt helhetsverk inte till\u00e5ta mer \u00e4n licenserna f\u00f6r de material du anv\u00e4nt.<br\/>S\u00e4rskilt f\u00f6r videor b\u00f6r du noggrant kontrollera om ditt verk \u00e4r en remix.<\/li>\n\n\n\n<li>Licensen f\u00f6r ditt helhetsverk f\u00e5r inte till\u00e5ta mer \u00e4n licenserna f\u00f6r de anv\u00e4nda verken.<br\/>Om du till exempel anv\u00e4nder verk med Creative Commons\u2011licensen <em>ShareAlike (SA)<\/em> \u00e4r anv\u00e4ndare skyldiga att licensiera sina verk under samma licens. Denna skyldighet g\u00e4ller \u00e4ven f\u00f6r villkoren <em>Attribution (BY)<\/em> och <em>NonCommercial (NC)<\/em>.<\/li>\n<\/ul>\n\n\n\n<p>Observera att inte alla licenser kan kombineras med varandra. <em>Creative Commons Mixer<\/em> hj\u00e4lper dig att kontrollera om licenserna kan kombineras och vilken licens som passar ditt helhetsverk.<\/p>\n\n\n\n<p>Skapandet av AV\u2011media (t.ex. utbildningsfilmer) d\u00e4r \u00f6ppet licensierat inneh\u00e5ll fr\u00e5n andra upphovspersoner har integrerats \u00e4r en remix om:<\/p>\n\n\n\n<ul class=\"wp-block-list\">\n<li>det anv\u00e4nda materialet i sig har \u00e4ndrats och\/eller<\/li>\n\n\n\n<li>sammanst\u00e4llningen f\u00f6r\u00e4ndrar materialets inneb\u00f6rd (t.ex. genom att anv\u00e4nda det i ett annat sammanhang).<\/li>\n<\/ul>\n\n\n\n<p><a href=\"#prepare3\" data-type=\"page\" data-id=\"40\">Allt klart? D\u00e5 kan du g\u00e5 vidare till n\u00e4sta steg.<\/a><\/p>\n<\/div><\/div>\n\n\n\n<div class=\"wp-block-grena-step-item grena-step\" id=\"prepare3\"><div class=\"grena-step__marker\" aria-hidden=\"true\"><\/div><div class=\"grena-step__content\"><h3 class=\"grena-step__title\">Steg 3<\/h3>\n<p><strong>L\u00e4gg till en licensinformation i ditt verk<\/strong><\/p>\n\n\n\n<p>Placera licensinformationen tydligt synlig i ditt material, t.ex. i sidfoten eller i eftertexterna p\u00e5 en video, med f\u00f6ljande uppgifter:<\/p>\n\n\n\n<ul class=\"wp-block-list\">\n<li>Licens och licensversion<\/li>\n\n\n\n<li>L\u00e4nk till licenstexten<\/li>\n\n\n\n<li>Upphovsperson(er)<\/li>\n<\/ul>\n\n\n\n<p>Om du har inkluderat inneh\u00e5ll som omfattas av en annan licens \u00e4n helhetsverket m\u00e5ste du ange detta i en undantagsklausul. Om du vill undanta visst inneh\u00e5ll fr\u00e5n licensen m\u00e5ste detta ocks\u00e5 anges.<\/p>\n\n\n\n<p>CC\u2011licenser genomg\u00e5r st\u00e4ndigt revideringar. Du kan l\u00e4sa om vad som har \u00e4ndrats i den aktuella versionen 4.0 j\u00e4mf\u00f6rt med tidigare versioner i denna artikel av John Weitzmann p\u00e5 iRights.info: <em>Creative Commons version 4.0 available: What&#8217;s changing and what&#8217;s not.<\/em><\/p>\n\n\n\n<p>L\u00e4nkar till licenstexterna finns p\u00e5 Creative Commons webbplats under <em>Licences List<\/em>.<\/p>\n\n\n\n<p><\/p>\n\n\n\n<h3 class=\"wp-block-heading\"><strong>Grattis!<\/strong><\/h3>\n\n\n\n<p><\/p>\n\n\n\n<p>Du har skapat din f\u00f6rsta OER. Du kan l\u00e4sa om hur du publicerar den p\u00e5 twillo h\u00e4r.<\/p>\n\n\n\n<p><\/p>\n\n\n\n<p><strong>Fr\u00e5n bearbetning till delning<\/strong><\/p>\n\n\n\n<p>Publicera dina material som OER nu. Eller b\u00f6rja skapa dem och uppt\u00e4ck tips och verktyg.<\/p>\n\n\n\n<ul class=\"wp-block-list\">\n<li>Dela material som OER<\/li>\n\n\n\n<li>Skapa material som OER<\/li>\n<\/ul>\n\n\n\n<p><\/p>\n<\/div><\/div>\n<\/div>\n<\/div>\n","protected":false},"excerpt":{"rendered":"<p>I den h\u00e4r guiden f\u00e5r du l\u00e4ra dig i tre enkla steg hur du f\u00f6rbereder ditt f\u00f6rsta material som OER. L\u00e5t oss s\u00e4tta ig\u00e5ng direkt! <\/p>\n","protected":false},"author":2,"featured_media":0,"parent":0,"menu_order":0,"comment_status":"closed","ping_status":"closed","template":"","meta":{"footnotes":""},"class_list":["post-52","page","type-page","status-publish","hentry"],"_links":{"self":[{"href":"https:\/\/grena.nu\/en\/wp-json\/wp\/v2\/pages\/52","targetHints":{"allow":["GET"]}}],"collection":[{"href":"https:\/\/grena.nu\/en\/wp-json\/wp\/v2\/pages"}],"about":[{"href":"https:\/\/grena.nu\/en\/wp-json\/wp\/v2\/types\/page"}],"author":[{"embeddable":true,"href":"https:\/\/grena.nu\/en\/wp-json\/wp\/v2\/users\/2"}],"replies":[{"embeddable":true,"href":"https:\/\/grena.nu\/en\/wp-json\/wp\/v2\/comments?post=52"}],"version-history":[{"count":8,"href":"https:\/\/grena.nu\/en\/wp-json\/wp\/v2\/pages\/52\/revisions"}],"predecessor-version":[{"id":295,"href":"https:\/\/grena.nu\/en\/wp-json\/wp\/v2\/pages\/52\/revisions\/295"}],"wp:attachment":[{"href":"https:\/\/grena.nu\/en\/wp-json\/wp\/v2\/media?parent=52"}],"curies":[{"name":"wp","href":"https:\/\/api.w.org\/{rel}","templated":true}]}}