{"id":49,"date":"2026-02-01T14:25:08","date_gmt":"2026-02-01T14:25:08","guid":{"rendered":"https:\/\/grena.nu\/index.php\/share\/"},"modified":"2026-04-08T07:19:49","modified_gmt":"2026-04-08T07:19:49","slug":"share","status":"publish","type":"page","link":"https:\/\/grena.nu\/en\/share\/","title":{"rendered":"Share"},"content":{"rendered":"\n<div class=\"wp-block-group has-deep-teal-background-color has-background has-global-padding is-layout-constrained wp-block-group-is-layout-constrained\" style=\"padding-top:var(--wp--preset--spacing--80);padding-bottom:var(--wp--preset--spacing--80)\">\n<div class=\"wp-block-grena-step-links grena-step-links\">\n<div class=\"wp-block-grena-step-link-item grena-step-link\"><a class=\"grena-step-link__inner\" href=\"#share1\"><span class=\"grena-step-link__number\">1<\/span><p class=\"grena-step-link__title\">Verify OER<\/p><\/a><\/div>\n\n\n\n<div class=\"wp-block-grena-step-link-item grena-step-link\"><a class=\"grena-step-link__inner\" href=\"#share2\"><span class=\"grena-step-link__number\">2<\/span><p class=\"grena-step-link__title\">Upload<\/p><\/a><\/div>\n\n\n\n<div class=\"wp-block-grena-step-link-item grena-step-link\"><a class=\"grena-step-link__inner\" href=\"#share3\"><span class=\"grena-step-link__number\">3<\/span><p class=\"grena-step-link__title\">Describe<\/p><\/a><\/div>\n\n\n\n<div class=\"wp-block-grena-step-link-item grena-step-link\"><a class=\"grena-step-link__inner\" href=\"#share4\"><span class=\"grena-step-link__number\">4<\/span><p class=\"grena-step-link__title\">Structure<\/p><\/a><\/div>\n\n\n\n<div class=\"wp-block-grena-step-link-item grena-step-link\"><a class=\"grena-step-link__inner\" href=\"#share5\"><span class=\"grena-step-link__number\">5<\/span><p class=\"grena-step-link__title\">Publish<\/p><\/a><\/div>\n<\/div>\n<\/div>\n\n<div class=\"wp-block-group has-global-padding is-layout-constrained wp-block-group-is-layout-constrained\">\n<div class=\"wp-block-grena-steps grena-steps\">\n<div class=\"wp-block-grena-step-item grena-step\" id=\"share1\"><div class=\"grena-step__marker\" aria-hidden=\"true\"><\/div><div class=\"grena-step__content\"><h3 class=\"grena-step__title\">S\u00e4kerst\u00e4ll att materialet kan publiceras som OER<\/h3>\n<p>If you wish to make your own material available on Grena, first ensure that it meets all legal requirements for publication as an open educational resource. Du hittar hj\u00e4lp i v\u00e5r Snabbguide <em>F\u00f6rbereda material som OER<\/em>.<\/p>\n\n\n\n<p>If you wish to provide open educational resources from other creators, first ensure that the material is clearly marked with an open license.<\/p>\n\n\n\n<p><strong><a href=\"#share2\">Forts\u00e4tt till n\u00e4sta steg<\/a><\/strong><\/p>\n<\/div><\/div>\n\n\n\n<div class=\"wp-block-grena-step-item grena-step\" id=\"share2\"><div class=\"grena-step__marker\" aria-hidden=\"true\"><\/div><div class=\"grena-step__content\"><h3 class=\"grena-step__title\"><strong>Ladda upp ditt material till Zenodo<\/strong><\/h3>\n<p>Log in to <a href=\"https:\/\/zenodo.org\/\">Zenodo<\/a>.<\/p>\n\n\n\n<p>If you don&#8217;t have an account there yet, you need to <a href=\"https:\/\/zenodo.org\/signup\/\">create one<\/a>. <\/p>\n\n\n\n<p>If you do not yet have an account, you can find detailed instructions on how to register in the FAQ:<br\/><em>How do I register on Zenodo?<\/em><\/p>\n\n\n\n<p><strong><a href=\"#share3\">Forts\u00e4tt till n\u00e4sta steg<\/a><\/strong><\/p>\n<\/div><\/div>\n\n\n\n<div class=\"wp-block-grena-step-item grena-step\" id=\"share3\"><div class=\"grena-step__marker\" aria-hidden=\"true\"><\/div><div class=\"grena-step__content\"><h3 class=\"grena-step__title\"><strong>Beskriv ditt material<\/strong><\/h3>\n<p>Efter uppladdningen \u00f6ppnas dialogen f\u00f6r metadata. F\u00f6r att g\u00f6ra det s\u00e5 enkelt som m\u00f6jligt f\u00f6r andra l\u00e4rare och s\u00f6kmotorer att hitta och bed\u00f6ma ditt material, beskriv det s\u00e5 utf\u00f6rligt som m\u00f6jligt.<\/p>\n\n\n\n<p>V\u00e4lj minst en meningsfull titel f\u00f6r ditt material, l\u00e4gg till information om upphovspersoner och ange en licens. Spara sedan dina uppgifter genom att klicka p\u00e5 <em>Spara<\/em>. Du kan n\u00e4r som helst l\u00e4gga till eller redigera dina uppgifter. Mer information om metadata finns i v\u00e5ra FAQ.<\/p>\n\n\n\n<p>F\u00f6rutom den formella informationen \u00e4r den s\u00e5 kallade didaktiska metadatan mycket hj\u00e4lpsam f\u00f6r vidare anv\u00e4ndning av OER. I twillo kan du ange information om:<\/p>\n\n\n\n<ul class=\"wp-block-list\">\n<li>klassificering (typ, \u00e4mnesomr\u00e5de, nyckelord)<\/li>\n\n\n\n<li>didaktik (format, niv\u00e5)<\/li>\n\n\n\n<li>teknisk information (krav, verktyg)<\/li>\n<\/ul>\n\n\n\n<p><strong><a href=\"#share4\">Forts\u00e4tt till n\u00e4sta steg<\/a><\/strong><\/p>\n<\/div><\/div>\n\n\n\n<div class=\"wp-block-grena-step-item grena-step\" id=\"share4\"><div class=\"grena-step__marker\" aria-hidden=\"true\"><\/div><div class=\"grena-step__content\"><h3 class=\"grena-step__title\"><strong>Strukturera ditt material<\/strong><\/h3>\n<p>Du har tv\u00e5 alternativ f\u00f6r att strukturera ditt material i twillo:<\/p>\n\n\n\n<ul class=\"wp-block-list\">\n<li><strong>En samling<\/strong> \u00e4r en sammanst\u00e4llning av utbildningsmaterial enligt specifika kriterier, t.ex. \u00e4mnesspecifikt material, material f\u00f6r en viss kurs eller sj\u00e4lvstudiematerial f\u00f6r studenter. Dessa kan vara dina egna material eller andras. Mer information om att skapa samlingar finns h\u00e4r.<\/li>\n\n\n\n<li><strong>Skapa en serie<\/strong> f\u00f6r material som h\u00f6r ouppl\u00f6sligt ihop, t.ex. en facitl\u00f6sning till ditt arbetsblad, men \u00e4ven andra typer av tillh\u00f6rande text-, grafik-, ljud- eller videomaterial.<br\/>Du kan ocks\u00e5 publicera samma material i olika format, t.ex. PDF, .docx och .odt som en serie, s\u00e5 att det blir enklare att \u00e5teranv\u00e4nda. Mer information om att skapa serier finns h\u00e4r.<\/li>\n<\/ul>\n\n\n\n<p><strong><a href=\"#share5\">Forts\u00e4tt till n\u00e4sta steg<\/a><\/strong><\/p>\n<\/div><\/div>\n\n\n\n<div class=\"wp-block-grena-step-item grena-step\" id=\"share5\"><div class=\"grena-step__marker\" aria-hidden=\"true\"><\/div><div class=\"grena-step__content\"><h3 class=\"grena-step__title\"><strong>Publicera ditt material<\/strong><\/h3>\n<p>Nyskapade utbildningsmaterial \u00e4r initialt endast synliga f\u00f6r dig i din arbetsyta. Du publicerar materialet p\u00e5 twillo f\u00f6rst n\u00e4r du aktivt sl\u00e4pper det via de tre prickarna i kontextmenyn.<\/p>\n\n\n\n<p>F\u00f6rutom offentlig delning kan du \u00e4ven dela ditt material med specifika portal\u00adanv\u00e4ndare och bjuda in dem att samarbeta kring materialet. Instruktioner f\u00f6r detta finns i v\u00e5r FAQ\u2011sektion.<\/p>\n<\/div><\/div>\n<\/div>\n<\/div>\n","protected":false},"excerpt":{"rendered":"<p>Grena.nu helps you publish your material in five steps. Find out in advance what content is suitable and who can submit materials &#8211; or get started right away .<\/p>\n","protected":false},"author":2,"featured_media":0,"parent":0,"menu_order":0,"comment_status":"closed","ping_status":"closed","template":"","meta":{"footnotes":""},"class_list":["post-49","page","type-page","status-publish","hentry"],"_links":{"self":[{"href":"https:\/\/grena.nu\/en\/wp-json\/wp\/v2\/pages\/49","targetHints":{"allow":["GET"]}}],"collection":[{"href":"https:\/\/grena.nu\/en\/wp-json\/wp\/v2\/pages"}],"about":[{"href":"https:\/\/grena.nu\/en\/wp-json\/wp\/v2\/types\/page"}],"author":[{"embeddable":true,"href":"https:\/\/grena.nu\/en\/wp-json\/wp\/v2\/users\/2"}],"replies":[{"embeddable":true,"href":"https:\/\/grena.nu\/en\/wp-json\/wp\/v2\/comments?post=49"}],"version-history":[{"count":4,"href":"https:\/\/grena.nu\/en\/wp-json\/wp\/v2\/pages\/49\/revisions"}],"predecessor-version":[{"id":291,"href":"https:\/\/grena.nu\/en\/wp-json\/wp\/v2\/pages\/49\/revisions\/291"}],"wp:attachment":[{"href":"https:\/\/grena.nu\/en\/wp-json\/wp\/v2\/media?parent=49"}],"curies":[{"name":"wp","href":"https:\/\/api.w.org\/{rel}","templated":true}]}}